{"id":2,"date":"2025-12-16T14:47:32","date_gmt":"2025-12-16T17:47:32","guid":{"rendered":"https:\/\/exposicoes.abc.org.br\/100anos\/?page_id=2"},"modified":"2026-01-27T16:08:53","modified_gmt":"2026-01-27T19:08:53","slug":"cem-anos-de-ciencia","status":"publish","type":"page","link":"https:\/\/exposicoes.abc.org.br\/100anos\/","title":{"rendered":"Cem anos de ci\u00eancia"},"content":{"rendered":"\n<p>Em seus cem anos de vida, a <strong>Academia Brasileira de Ci\u00eancias (ABC)<\/strong> foi testemunha e part\u00edcipe do grande progresso da ci\u00eancia no Brasil. Em um per\u00edodo marcado por uma guerra mundial que inaugurou a era das armas nucleares, por instabilidades pol\u00edticas que afetaram a democracia no pa\u00eds e por crises econ\u00f4micas que prejudicaram o desenvolvimento nacional, a ci\u00eancia brasileira avan\u00e7ou, multiplicou suas \u00e1reas de atua\u00e7\u00e3o, afirmou-se internacionalmente e espraiou-se nas diversas regi\u00f5es do pa\u00eds, beneficiando a sociedade brasileira.<br><br>Multiplicaram-se os grupos de pesquisa, o n\u00famero de artigos publicados em revistas de prest\u00edgio, o n\u00famero de doutores formados. Com consequ\u00eancias diretas para o desenvolvimento nacional: sem a ci\u00eancia brasileira, a Petrobr\u00e1s n\u00e3o teria sido uma empresa inovadora, detentora de pr\u00eamios internacionais por sua tecnologia de extra\u00e7\u00e3o de petr\u00f3leo em \u00e1guas profundas; a Embraer n\u00e3o estaria exportando avi\u00f5es para um grande n\u00famero de pa\u00edses; a produtividade da soja n\u00e3o teria sido multiplicada por quatro, contribuindo para a pauta de exporta\u00e7\u00f5es do pa\u00eds; e estar\u00edamos de m\u00e3os atadas frente a epidemias emergentes, como as arboviroses.<\/p>\n","protected":false},"excerpt":{"rendered":"<p>Em seus cem anos de vida, a Academia Brasileira de Ci\u00eancias (ABC) foi testemunha e part\u00edcipe do grande progresso da ci\u00eancia no Brasil. Em um per\u00edodo marcado por uma guerra mundial que inaugurou a era das armas nucleares, por instabilidades pol\u00edticas que afetaram a democracia no pa\u00eds e por crises econ\u00f4micas que prejudicaram o desenvolvimento&#8230;<\/p>\n","protected":false},"author":1,"featured_media":0,"parent":0,"menu_order":0,"comment_status":"closed","ping_status":"open","template":"index.php","meta":{"_acf_changed":false,"footnotes":""},"class_list":["post-2","page","type-page","status-publish","hentry"],"acf":[],"yoast_head":"<!-- This site is optimized with the Yoast SEO plugin v26.8 - https:\/\/yoast.com\/product\/yoast-seo-wordpress\/ -->\n<title>Cem anos de ci\u00eancia | Cem Anos de Ci\u00eancia<\/title>\n<meta name=\"description\" content=\"Em seus cem anos de vida, a Academia Brasileira de Ci\u00eancias (ABC) foi testemunha e part\u00edcipe do grande progresso da ci\u00eancia no Brasil. Em um per\u00edodo marcado por uma guerra mundial que inaugurou a era das armas nucleares, por instabilidades pol\u00edticas que afetaram a democracia no pa\u00eds e por crises econ\u00f4micas que prejudicaram o desenvolvimento nacional, a ci\u00eancia brasileira avan\u00e7ou, multiplicou suas \u00e1reas de atua\u00e7\u00e3o, afirmou-se internacionalmente e espraiou-se nas diversas regi\u00f5es do pa\u00eds, beneficiando a sociedade brasileira.\" \/>\n<meta name=\"robots\" content=\"index, follow, max-snippet:-1, max-image-preview:large, max-video-preview:-1\" \/>\n<link rel=\"canonical\" href=\"https:\/\/exposicoes.abc.org.br\/100anos\/\" \/>\n<meta property=\"og:locale\" content=\"pt_BR\" \/>\n<meta property=\"og:type\" content=\"article\" \/>\n<meta property=\"og:title\" content=\"Cem anos de ci\u00eancia | Cem Anos de Ci\u00eancia\" \/>\n<meta property=\"og:description\" content=\"Em seus cem anos de vida, a Academia Brasileira de Ci\u00eancias (ABC) foi testemunha e part\u00edcipe do grande progresso da ci\u00eancia no Brasil. Em um per\u00edodo marcado por uma guerra mundial que inaugurou a era das armas nucleares, por instabilidades pol\u00edticas que afetaram a democracia no pa\u00eds e por crises econ\u00f4micas que prejudicaram o desenvolvimento nacional, a ci\u00eancia brasileira avan\u00e7ou, multiplicou suas \u00e1reas de atua\u00e7\u00e3o, afirmou-se internacionalmente e espraiou-se nas diversas regi\u00f5es do pa\u00eds, beneficiando a sociedade brasileira.\" \/>\n<meta property=\"og:url\" content=\"https:\/\/exposicoes.abc.org.br\/100anos\/\" \/>\n<meta property=\"og:site_name\" content=\"Cem Anos de Ci\u00eancia\" \/>\n<meta property=\"article:modified_time\" content=\"2026-01-27T19:08:53+00:00\" \/>\n<meta property=\"og:image\" content=\"https:\/\/exposicoes.abc.org.br\/100anos\/wp-content\/uploads\/2025\/12\/share.png\" \/>\n\t<meta property=\"og:image:width\" content=\"1200\" \/>\n\t<meta property=\"og:image:height\" content=\"630\" \/>\n\t<meta property=\"og:image:type\" content=\"image\/png\" \/>\n<meta name=\"twitter:card\" content=\"summary_large_image\" \/>\n<meta name=\"twitter:label1\" content=\"Est. tempo de leitura\" \/>\n\t<meta name=\"twitter:data1\" content=\"1 minuto\" \/>\n<script type=\"application\/ld+json\" class=\"yoast-schema-graph\">{\"@context\":\"https:\/\/schema.org\",\"@graph\":[{\"@type\":\"WebPage\",\"@id\":\"https:\/\/exposicoes.abc.org.br\/100anos\/\",\"url\":\"https:\/\/exposicoes.abc.org.br\/100anos\/\",\"name\":\"Cem anos de ci\u00eancia | Cem Anos de Ci\u00eancia\",\"isPartOf\":{\"@id\":\"https:\/\/exposicoes.abc.org.br\/100anos\/#website\"},\"datePublished\":\"2025-12-16T17:47:32+00:00\",\"dateModified\":\"2026-01-27T19:08:53+00:00\",\"description\":\"Em seus cem anos de vida, a Academia Brasileira de Ci\u00eancias (ABC) foi testemunha e part\u00edcipe do grande progresso da ci\u00eancia no Brasil. Em um per\u00edodo marcado por uma guerra mundial que inaugurou a era das armas nucleares, por instabilidades pol\u00edticas que afetaram a democracia no pa\u00eds e por crises econ\u00f4micas que prejudicaram o desenvolvimento nacional, a ci\u00eancia brasileira avan\u00e7ou, multiplicou suas \u00e1reas de atua\u00e7\u00e3o, afirmou-se internacionalmente e espraiou-se nas diversas regi\u00f5es do pa\u00eds, beneficiando a sociedade brasileira.\",\"breadcrumb\":{\"@id\":\"https:\/\/exposicoes.abc.org.br\/100anos\/#breadcrumb\"},\"inLanguage\":\"pt-BR\",\"potentialAction\":[{\"@type\":\"ReadAction\",\"target\":[\"https:\/\/exposicoes.abc.org.br\/100anos\/\"]}]},{\"@type\":\"BreadcrumbList\",\"@id\":\"https:\/\/exposicoes.abc.org.br\/100anos\/#breadcrumb\",\"itemListElement\":[{\"@type\":\"ListItem\",\"position\":1,\"name\":\"In\u00edcio\",\"item\":\"https:\/\/exposicoes.abc.org.br\/100anos\/\"},{\"@type\":\"ListItem\",\"position\":2,\"name\":\"Cem anos de ci\u00eancia\"}]},{\"@type\":\"WebSite\",\"@id\":\"https:\/\/exposicoes.abc.org.br\/100anos\/#website\",\"url\":\"https:\/\/exposicoes.abc.org.br\/100anos\/\",\"name\":\"Cem Anos de Ci\u00eancia\",\"description\":\"\",\"publisher\":{\"@id\":\"https:\/\/exposicoes.abc.org.br\/100anos\/#organization\"},\"potentialAction\":[{\"@type\":\"SearchAction\",\"target\":{\"@type\":\"EntryPoint\",\"urlTemplate\":\"https:\/\/exposicoes.abc.org.br\/100anos\/?s={search_term_string}\"},\"query-input\":{\"@type\":\"PropertyValueSpecification\",\"valueRequired\":true,\"valueName\":\"search_term_string\"}}],\"inLanguage\":\"pt-BR\"},{\"@type\":\"Organization\",\"@id\":\"https:\/\/exposicoes.abc.org.br\/100anos\/#organization\",\"name\":\"Academia Brasileira de Ci\u00eancias\",\"url\":\"https:\/\/exposicoes.abc.org.br\/100anos\/\",\"logo\":{\"@type\":\"ImageObject\",\"inLanguage\":\"pt-BR\",\"@id\":\"https:\/\/exposicoes.abc.org.br\/100anos\/#\/schema\/logo\/image\/\",\"url\":\"https:\/\/exposicoes.abc.org.br\/100anos\/wp-content\/uploads\/2025\/12\/logo-100-abc.png\",\"contentUrl\":\"https:\/\/exposicoes.abc.org.br\/100anos\/wp-content\/uploads\/2025\/12\/logo-100-abc.png\",\"width\":511,\"height\":116,\"caption\":\"Academia Brasileira de Ci\u00eancias\"},\"image\":{\"@id\":\"https:\/\/exposicoes.abc.org.br\/100anos\/#\/schema\/logo\/image\/\"}}]}<\/script>\n<!-- \/ Yoast SEO plugin. -->","yoast_head_json":{"title":"Cem anos de ci\u00eancia | Cem Anos de Ci\u00eancia","description":"Em seus cem anos de vida, a Academia Brasileira de Ci\u00eancias (ABC) foi testemunha e part\u00edcipe do grande progresso da ci\u00eancia no Brasil. Em um per\u00edodo marcado por uma guerra mundial que inaugurou a era das armas nucleares, por instabilidades pol\u00edticas que afetaram a democracia no pa\u00eds e por crises econ\u00f4micas que prejudicaram o desenvolvimento nacional, a ci\u00eancia brasileira avan\u00e7ou, multiplicou suas \u00e1reas de atua\u00e7\u00e3o, afirmou-se internacionalmente e espraiou-se nas diversas regi\u00f5es do pa\u00eds, beneficiando a sociedade brasileira.","robots":{"index":"index","follow":"follow","max-snippet":"max-snippet:-1","max-image-preview":"max-image-preview:large","max-video-preview":"max-video-preview:-1"},"canonical":"https:\/\/exposicoes.abc.org.br\/100anos\/","og_locale":"pt_BR","og_type":"article","og_title":"Cem anos de ci\u00eancia | Cem Anos de Ci\u00eancia","og_description":"Em seus cem anos de vida, a Academia Brasileira de Ci\u00eancias (ABC) foi testemunha e part\u00edcipe do grande progresso da ci\u00eancia no Brasil. Em um per\u00edodo marcado por uma guerra mundial que inaugurou a era das armas nucleares, por instabilidades pol\u00edticas que afetaram a democracia no pa\u00eds e por crises econ\u00f4micas que prejudicaram o desenvolvimento nacional, a ci\u00eancia brasileira avan\u00e7ou, multiplicou suas \u00e1reas de atua\u00e7\u00e3o, afirmou-se internacionalmente e espraiou-se nas diversas regi\u00f5es do pa\u00eds, beneficiando a sociedade brasileira.","og_url":"https:\/\/exposicoes.abc.org.br\/100anos\/","og_site_name":"Cem Anos de Ci\u00eancia","article_modified_time":"2026-01-27T19:08:53+00:00","og_image":[{"width":1200,"height":630,"url":"https:\/\/exposicoes.abc.org.br\/100anos\/wp-content\/uploads\/2025\/12\/share.png","type":"image\/png"}],"twitter_card":"summary_large_image","twitter_misc":{"Est. tempo de leitura":"1 minuto"},"schema":{"@context":"https:\/\/schema.org","@graph":[{"@type":"WebPage","@id":"https:\/\/exposicoes.abc.org.br\/100anos\/","url":"https:\/\/exposicoes.abc.org.br\/100anos\/","name":"Cem anos de ci\u00eancia | Cem Anos de Ci\u00eancia","isPartOf":{"@id":"https:\/\/exposicoes.abc.org.br\/100anos\/#website"},"datePublished":"2025-12-16T17:47:32+00:00","dateModified":"2026-01-27T19:08:53+00:00","description":"Em seus cem anos de vida, a Academia Brasileira de Ci\u00eancias (ABC) foi testemunha e part\u00edcipe do grande progresso da ci\u00eancia no Brasil. Em um per\u00edodo marcado por uma guerra mundial que inaugurou a era das armas nucleares, por instabilidades pol\u00edticas que afetaram a democracia no pa\u00eds e por crises econ\u00f4micas que prejudicaram o desenvolvimento nacional, a ci\u00eancia brasileira avan\u00e7ou, multiplicou suas \u00e1reas de atua\u00e7\u00e3o, afirmou-se internacionalmente e espraiou-se nas diversas regi\u00f5es do pa\u00eds, beneficiando a sociedade brasileira.","breadcrumb":{"@id":"https:\/\/exposicoes.abc.org.br\/100anos\/#breadcrumb"},"inLanguage":"pt-BR","potentialAction":[{"@type":"ReadAction","target":["https:\/\/exposicoes.abc.org.br\/100anos\/"]}]},{"@type":"BreadcrumbList","@id":"https:\/\/exposicoes.abc.org.br\/100anos\/#breadcrumb","itemListElement":[{"@type":"ListItem","position":1,"name":"In\u00edcio","item":"https:\/\/exposicoes.abc.org.br\/100anos\/"},{"@type":"ListItem","position":2,"name":"Cem anos de ci\u00eancia"}]},{"@type":"WebSite","@id":"https:\/\/exposicoes.abc.org.br\/100anos\/#website","url":"https:\/\/exposicoes.abc.org.br\/100anos\/","name":"Cem Anos de Ci\u00eancia","description":"","publisher":{"@id":"https:\/\/exposicoes.abc.org.br\/100anos\/#organization"},"potentialAction":[{"@type":"SearchAction","target":{"@type":"EntryPoint","urlTemplate":"https:\/\/exposicoes.abc.org.br\/100anos\/?s={search_term_string}"},"query-input":{"@type":"PropertyValueSpecification","valueRequired":true,"valueName":"search_term_string"}}],"inLanguage":"pt-BR"},{"@type":"Organization","@id":"https:\/\/exposicoes.abc.org.br\/100anos\/#organization","name":"Academia Brasileira de Ci\u00eancias","url":"https:\/\/exposicoes.abc.org.br\/100anos\/","logo":{"@type":"ImageObject","inLanguage":"pt-BR","@id":"https:\/\/exposicoes.abc.org.br\/100anos\/#\/schema\/logo\/image\/","url":"https:\/\/exposicoes.abc.org.br\/100anos\/wp-content\/uploads\/2025\/12\/logo-100-abc.png","contentUrl":"https:\/\/exposicoes.abc.org.br\/100anos\/wp-content\/uploads\/2025\/12\/logo-100-abc.png","width":511,"height":116,"caption":"Academia Brasileira de Ci\u00eancias"},"image":{"@id":"https:\/\/exposicoes.abc.org.br\/100anos\/#\/schema\/logo\/image\/"}}]}},"_links":{"self":[{"href":"https:\/\/exposicoes.abc.org.br\/100anos\/wp-json\/wp\/v2\/pages\/2","targetHints":{"allow":["GET"]}}],"collection":[{"href":"https:\/\/exposicoes.abc.org.br\/100anos\/wp-json\/wp\/v2\/pages"}],"about":[{"href":"https:\/\/exposicoes.abc.org.br\/100anos\/wp-json\/wp\/v2\/types\/page"}],"author":[{"embeddable":true,"href":"https:\/\/exposicoes.abc.org.br\/100anos\/wp-json\/wp\/v2\/users\/1"}],"replies":[{"embeddable":true,"href":"https:\/\/exposicoes.abc.org.br\/100anos\/wp-json\/wp\/v2\/comments?post=2"}],"version-history":[{"count":3,"href":"https:\/\/exposicoes.abc.org.br\/100anos\/wp-json\/wp\/v2\/pages\/2\/revisions"}],"predecessor-version":[{"id":9,"href":"https:\/\/exposicoes.abc.org.br\/100anos\/wp-json\/wp\/v2\/pages\/2\/revisions\/9"}],"wp:attachment":[{"href":"https:\/\/exposicoes.abc.org.br\/100anos\/wp-json\/wp\/v2\/media?parent=2"}],"curies":[{"name":"wp","href":"https:\/\/api.w.org\/{rel}","templated":true}]}}